{"id":3195,"date":"2025-04-25T13:45:56","date_gmt":"2025-04-25T13:45:56","guid":{"rendered":"https:\/\/normalab.misari.fr\/terms-of-use\/"},"modified":"2025-04-25T13:45:56","modified_gmt":"2025-04-25T13:45:56","slug":"terms-of-use","status":"publish","type":"page","link":"https:\/\/normalab.com\/en\/terms-of-use\/","title":{"rendered":"Terms of use"},"content":{"rendered":"<p><strong>Website publisher :<\/strong><\/p>\n<p>NORMALAB France<\/p>\n<p>Soci\u00e9t\u00e9 par actions simplifi\u00e9e (simplified joint stock company) governed by French law, with share capital of 700,000Euros<br \/>Headquartered at NORMALAB FRANCE,<br \/>9200 ROUTE DU FOND HALLOT<br \/>76190 VALLIQUERVILLE<br \/>France<br \/>Registered with the Rouen Trade and Companies Registry under number 344970264 R.C.S. Rouen<br \/>VAT N\u00b0FR 53 344 970 264<br \/>E-mail: Contact form<br \/>Telephone: +33 232 700 100<\/p>\n<p>Publication manager: Head of Communications<\/p>\n<p><strong>Design and production<\/strong><br \/>Agence Patakes<br \/>560 Route de Dieppe<br \/>76250 D\u00e9ville-les-Rouen<br \/>Tel: 02 35 75 88 57<\/p>\n<p>Hosting : OVH<\/p>\n<p>&#8220;The information collected is processed electronically in order to respond to your requests. The recipients of the data are Normalab&#8217;s Sales and Marketing departments. In accordance with the French Data Protection Act of January 6, 1978, amended in 2004, you have the right to access and rectify information concerning you, which you may exercise by contacting marketing@normalab.com.<\/p>\n<p>You may also, for legitimate reasons, object to the processing of your personal data.<\/p>\n","protected":false},"excerpt":{"rendered":"<p>Website publisher : NORMALAB France Soci\u00e9t\u00e9 par actions simplifi\u00e9e (simplified joint stock company) governed by French law, with share capital of 700,000EurosHeadquartered at NORMALAB FRANCE,9200 ROUTE DU FOND HALLOT76190 VALLIQUERVILLEFranceRegistered with the Rouen Trade and Companies Registry under number 344970264 R.C.S. RouenVAT N\u00b0FR 53 344 970 264E-mail: Contact formTelephone: +33 232 700 100 Publication manager: [&hellip;]<\/p>\n","protected":false},"author":1,"featured_media":0,"parent":0,"menu_order":0,"comment_status":"closed","ping_status":"closed","template":"","meta":{"_acf_changed":false,"footnotes":""},"categories":[],"class_list":["post-3195","page","type-page","status-publish","hentry"],"acf":[],"yoast_head":"<!-- This site is optimized with the Yoast SEO plugin v26.9 - https:\/\/yoast.com\/product\/yoast-seo-wordpress\/ -->\n<title>Terms of use - Normalab<\/title>\n<meta name=\"robots\" content=\"index, follow, max-snippet:-1, max-image-preview:large, max-video-preview:-1\" \/>\n<link rel=\"canonical\" href=\"https:\/\/normalab.com\/en\/terms-of-use\/\" \/>\n<meta property=\"og:locale\" content=\"en_US\" \/>\n<meta property=\"og:type\" content=\"article\" \/>\n<meta property=\"og:title\" content=\"Terms of use - Normalab\" \/>\n<meta property=\"og:description\" content=\"Website publisher : NORMALAB France Soci\u00e9t\u00e9 par actions simplifi\u00e9e (simplified joint stock company) governed by French law, with share capital of 700,000EurosHeadquartered at NORMALAB FRANCE,9200 ROUTE DU FOND HALLOT76190 VALLIQUERVILLEFranceRegistered with the Rouen Trade and Companies Registry under number 344970264 R.C.S. RouenVAT N\u00b0FR 53 344 970 264E-mail: Contact formTelephone: +33 232 700 100 Publication manager: [&hellip;]\" \/>\n<meta property=\"og:url\" content=\"https:\/\/normalab.com\/en\/terms-of-use\/\" \/>\n<meta property=\"og:site_name\" content=\"Normalab\" \/>\n<meta name=\"twitter:card\" content=\"summary_large_image\" \/>\n<meta name=\"twitter:label1\" content=\"Est. reading time\" \/>\n\t<meta name=\"twitter:data1\" content=\"1 minute\" \/>\n<script type=\"application\/ld+json\" class=\"yoast-schema-graph\">{\"@context\":\"https:\/\/schema.org\",\"@graph\":[{\"@type\":\"WebPage\",\"@id\":\"https:\/\/normalab.com\/en\/terms-of-use\/\",\"url\":\"https:\/\/normalab.com\/en\/terms-of-use\/\",\"name\":\"Terms of use - Normalab\",\"isPartOf\":{\"@id\":\"https:\/\/normalab.com\/en\/#website\"},\"datePublished\":\"2025-04-25T13:45:56+00:00\",\"breadcrumb\":{\"@id\":\"https:\/\/normalab.com\/en\/terms-of-use\/#breadcrumb\"},\"inLanguage\":\"en-US\",\"potentialAction\":[{\"@type\":\"ReadAction\",\"target\":[\"https:\/\/normalab.com\/en\/terms-of-use\/\"]}]},{\"@type\":\"BreadcrumbList\",\"@id\":\"https:\/\/normalab.com\/en\/terms-of-use\/#breadcrumb\",\"itemListElement\":[{\"@type\":\"ListItem\",\"position\":1,\"name\":\"Accueil\",\"item\":\"https:\/\/normalab.com\/en\/home\/\"},{\"@type\":\"ListItem\",\"position\":2,\"name\":\"Terms of use\"}]},{\"@type\":\"WebSite\",\"@id\":\"https:\/\/normalab.com\/en\/#website\",\"url\":\"https:\/\/normalab.com\/en\/\",\"name\":\"Normalab\",\"description\":\"\",\"publisher\":{\"@id\":\"https:\/\/normalab.com\/en\/#organization\"},\"potentialAction\":[{\"@type\":\"SearchAction\",\"target\":{\"@type\":\"EntryPoint\",\"urlTemplate\":\"https:\/\/normalab.com\/en\/?s={search_term_string}\"},\"query-input\":{\"@type\":\"PropertyValueSpecification\",\"valueRequired\":true,\"valueName\":\"search_term_string\"}}],\"inLanguage\":\"en-US\"},{\"@type\":\"Organization\",\"@id\":\"https:\/\/normalab.com\/en\/#organization\",\"name\":\"Normalab\",\"url\":\"https:\/\/normalab.com\/en\/\",\"logo\":{\"@type\":\"ImageObject\",\"inLanguage\":\"en-US\",\"@id\":\"https:\/\/normalab.com\/en\/#\/schema\/logo\/image\/\",\"url\":\"https:\/\/normalab.com\/wp-content\/uploads\/2025\/02\/logo-normalab.svg\",\"contentUrl\":\"https:\/\/normalab.com\/wp-content\/uploads\/2025\/02\/logo-normalab.svg\",\"width\":1002,\"height\":237,\"caption\":\"Normalab\"},\"image\":{\"@id\":\"https:\/\/normalab.com\/en\/#\/schema\/logo\/image\/\"}}]}<\/script>\n<!-- \/ Yoast SEO plugin. -->","yoast_head_json":{"title":"Terms of use - Normalab","robots":{"index":"index","follow":"follow","max-snippet":"max-snippet:-1","max-image-preview":"max-image-preview:large","max-video-preview":"max-video-preview:-1"},"canonical":"https:\/\/normalab.com\/en\/terms-of-use\/","og_locale":"en_US","og_type":"article","og_title":"Terms of use - Normalab","og_description":"Website publisher : NORMALAB France Soci\u00e9t\u00e9 par actions simplifi\u00e9e (simplified joint stock company) governed by French law, with share capital of 700,000EurosHeadquartered at NORMALAB FRANCE,9200 ROUTE DU FOND HALLOT76190 VALLIQUERVILLEFranceRegistered with the Rouen Trade and Companies Registry under number 344970264 R.C.S. RouenVAT N\u00b0FR 53 344 970 264E-mail: Contact formTelephone: +33 232 700 100 Publication manager: [&hellip;]","og_url":"https:\/\/normalab.com\/en\/terms-of-use\/","og_site_name":"Normalab","twitter_card":"summary_large_image","twitter_misc":{"Est. reading time":"1 minute"},"schema":{"@context":"https:\/\/schema.org","@graph":[{"@type":"WebPage","@id":"https:\/\/normalab.com\/en\/terms-of-use\/","url":"https:\/\/normalab.com\/en\/terms-of-use\/","name":"Terms of use - Normalab","isPartOf":{"@id":"https:\/\/normalab.com\/en\/#website"},"datePublished":"2025-04-25T13:45:56+00:00","breadcrumb":{"@id":"https:\/\/normalab.com\/en\/terms-of-use\/#breadcrumb"},"inLanguage":"en-US","potentialAction":[{"@type":"ReadAction","target":["https:\/\/normalab.com\/en\/terms-of-use\/"]}]},{"@type":"BreadcrumbList","@id":"https:\/\/normalab.com\/en\/terms-of-use\/#breadcrumb","itemListElement":[{"@type":"ListItem","position":1,"name":"Accueil","item":"https:\/\/normalab.com\/en\/home\/"},{"@type":"ListItem","position":2,"name":"Terms of use"}]},{"@type":"WebSite","@id":"https:\/\/normalab.com\/en\/#website","url":"https:\/\/normalab.com\/en\/","name":"Normalab","description":"","publisher":{"@id":"https:\/\/normalab.com\/en\/#organization"},"potentialAction":[{"@type":"SearchAction","target":{"@type":"EntryPoint","urlTemplate":"https:\/\/normalab.com\/en\/?s={search_term_string}"},"query-input":{"@type":"PropertyValueSpecification","valueRequired":true,"valueName":"search_term_string"}}],"inLanguage":"en-US"},{"@type":"Organization","@id":"https:\/\/normalab.com\/en\/#organization","name":"Normalab","url":"https:\/\/normalab.com\/en\/","logo":{"@type":"ImageObject","inLanguage":"en-US","@id":"https:\/\/normalab.com\/en\/#\/schema\/logo\/image\/","url":"https:\/\/normalab.com\/wp-content\/uploads\/2025\/02\/logo-normalab.svg","contentUrl":"https:\/\/normalab.com\/wp-content\/uploads\/2025\/02\/logo-normalab.svg","width":1002,"height":237,"caption":"Normalab"},"image":{"@id":"https:\/\/normalab.com\/en\/#\/schema\/logo\/image\/"}}]}},"_links":{"self":[{"href":"https:\/\/normalab.com\/en\/wp-json\/wp\/v2\/pages\/3195","targetHints":{"allow":["GET"]}}],"collection":[{"href":"https:\/\/normalab.com\/en\/wp-json\/wp\/v2\/pages"}],"about":[{"href":"https:\/\/normalab.com\/en\/wp-json\/wp\/v2\/types\/page"}],"author":[{"embeddable":true,"href":"https:\/\/normalab.com\/en\/wp-json\/wp\/v2\/users\/1"}],"replies":[{"embeddable":true,"href":"https:\/\/normalab.com\/en\/wp-json\/wp\/v2\/comments?post=3195"}],"version-history":[{"count":0,"href":"https:\/\/normalab.com\/en\/wp-json\/wp\/v2\/pages\/3195\/revisions"}],"wp:attachment":[{"href":"https:\/\/normalab.com\/en\/wp-json\/wp\/v2\/media?parent=3195"}],"wp:term":[{"taxonomy":"category","embeddable":true,"href":"https:\/\/normalab.com\/en\/wp-json\/wp\/v2\/categories?post=3195"}],"curies":[{"name":"wp","href":"https:\/\/api.w.org\/{rel}","templated":true}]}}